{"id":95,"date":"2017-01-03T16:08:06","date_gmt":"2017-01-03T16:08:06","guid":{"rendered":"http:\/\/prague.foxthemes.me\/?page_id=95"},"modified":"2026-03-26T10:55:03","modified_gmt":"2026-03-26T09:55:03","slug":"accueil","status":"publish","type":"page","link":"https:\/\/chantalbaude.com\/","title":{"rendered":"Accueil"},"content":{"rendered":"<div class=\"wpb-content-wrapper\"><p>[vc_row full_width=\u00a0\u00bbstretch_row_content_no_spaces\u00a0\u00bb][vc_column][\/vc_column][\/vc_row][vc_row desctop_mt=\u00a0\u00bbmargin-lg-35t\u00a0\u00bb tablets_mt=\u00a0\u00bbmargin-sm-0t\u00a0\u00bb][vc_column][vc_headings title=\u00a0\u00bbNos r\u00e9alisations\u00a0\u00bb heading_size=\u00a0\u00bbh3&Prime; align=\u00a0\u00bbCenter\u00a0\u00bb][\/vc_headings][vc_row_inner css=\u00a0\u00bb.vc_custom_1679729364855{margin-bottom: 20px !important;border-bottom-width: 20px !important;padding-bottom: 20px !important;}\u00a0\u00bb][vc_column_inner width=\u00a0\u00bb1\/2&Prime;][vc_single_image image=\u00a0\u00bb3173&Prime; img_size=\u00a0\u00bbfull\u00a0\u00bb onclick=\u00a0\u00bbcustom_link\u00a0\u00bb link=\u00a0\u00bbhttps:\/\/chantalbaude.com\/index.php\/projects-item\/projet-dune-maison-a-groffliers\/\u00a0\u00bb css=\u00a0\u00bb.vc_custom_1774518902002{margin-bottom: 5px !important;border-bottom-width: 5px !important;padding-bottom: 5px !important;}\u00a0\u00bb][vc_column_text]<\/p>\n<p style=\"text-align: center;\"><a href=\"https:\/\/chantalbaude.com\/index.php\/projects-item\/projet-dune-maison-a-groffliers\/\"><strong>Projet d&rsquo;une maison Salle de bain &amp; chambre<\/strong><strong><br \/>\n<\/strong>Groffliers<\/a><\/p>\n<p>[\/vc_column_text][vc_single_image image=\u00a0\u00bb3052&Prime; img_size=\u00a0\u00bblarge\u00a0\u00bb onclick=\u00a0\u00bbcustom_link\u00a0\u00bb link=\u00a0\u00bbhttp:\/\/chantalbaude.com\/index.php\/projects-item\/appartement-le-touquet\/\u00a0\u00bb css=\u00a0\u00bb.vc_custom_1681216027366{margin-bottom: 5px !important;border-bottom-width: 5px !important;padding-bottom: 5px !important;}\u00a0\u00bb][vc_column_text]<\/p>\n<p style=\"text-align: center;\"><a href=\"http:\/\/chantalbaude.com\/index.php\/projects-item\/appartement-le-touquet\/\"><strong>Appartement 70m2<br \/>\n<\/strong>Le Touquet<\/a><\/p>\n<p>[\/vc_column_text][vc_single_image image=\u00a0\u00bb2971&Prime; img_size=\u00a0\u00bblarge\u00a0\u00bb onclick=\u00a0\u00bbcustom_link\u00a0\u00bb link=\u00a0\u00bbhttp:\/\/chantalbaude.com\/index.php\/projects-item\/appartement-le-touquet-2\/\u00a0\u00bb css=\u00a0\u00bb.vc_custom_1682662206541{margin-top: 15px !important;margin-bottom: 5px !important;border-top-width: 15px !important;border-bottom-width: 5px !important;padding-top: 15px !important;padding-bottom: 5px !important;}\u00a0\u00bb][vc_column_text]<\/p>\n<p style=\"text-align: center;\"><a href=\"http:\/\/chantalbaude.com\/index.php\/projects-item\/appartement-le-touquet-2\/\"><strong>Appartement 60m2<br \/>\n<\/strong>Le Touquet<strong><br \/>\n<\/strong><\/a><\/p>\n<p>[\/vc_column_text][\/vc_column_inner][vc_column_inner width=\u00a0\u00bb1\/2&Prime;][vc_single_image image=\u00a0\u00bb3126&Prime; img_size=\u00a0\u00bblarge\u00a0\u00bb onclick=\u00a0\u00bbcustom_link\u00a0\u00bb link=\u00a0\u00bbhttp:\/\/chantalbaude.com\/index.php\/projects-item\/appartement-le-touquet-150m2\/\u00a0\u00bb css=\u00a0\u00bb.vc_custom_1705312927740{margin-top: 15px !important;margin-bottom: 5px !important;border-top-width: 15px !important;border-bottom-width: 5px !important;padding-top: 15px !important;padding-bottom: 5px !important;}\u00a0\u00bb][vc_column_text]<\/p>\n<p style=\"text-align: center;\"><a href=\"http:\/\/chantalbaude.com\/index.php\/projects-item\/appartement-le-touquet-150m2\/\"><strong>Appartement 150m2<br \/>\n<\/strong>Le Touquet<strong><br \/>\n<\/strong><\/a><\/p>\n<p>[\/vc_column_text][vc_single_image image=\u00a0\u00bb2967&Prime; img_size=\u00a0\u00bblarge\u00a0\u00bb onclick=\u00a0\u00bbcustom_link\u00a0\u00bb link=\u00a0\u00bbhttp:\/\/chantalbaude.com\/index.php\/projects-item\/hardelot\/\u00a0\u00bb css=\u00a0\u00bb.vc_custom_1679921403104{margin-bottom: 5px !important;border-bottom-width: 5px !important;padding-bottom: 5px !important;}\u00a0\u00bb][vc_column_text]<\/p>\n<p style=\"text-align: center;\"><strong><a href=\"http:\/\/chantalbaude.com\/index.php\/projects-item\/hardelot\/\">Salon\/Cuisine 70m2<\/a><\/strong><br \/>\n<a href=\"http:\/\/chantalbaude.com\/index.php\/projects-item\/hardelot\/\">Hardelot<\/a><\/p>\n<p>[\/vc_column_text][vc_single_image image=\u00a0\u00bb3068&Prime; img_size=\u00a0\u00bblarge\u00a0\u00bb onclick=\u00a0\u00bbcustom_link\u00a0\u00bb link=\u00a0\u00bbhttp:\/\/chantalbaude.com\/index.php\/projects-item\/salle-de-bain-cote-dopale\/\u00a0\u00bb css=\u00a0\u00bb.vc_custom_1682662223497{margin-top: 15px !important;margin-bottom: 5px !important;border-top-width: 15px !important;border-bottom-width: 5px !important;padding-top: 15px !important;padding-bottom: 5px !important;}\u00a0\u00bb][vc_column_text]<\/p>\n<p style=\"text-align: center;\"><a href=\"http:\/\/chantalbaude.com\/index.php\/projects-item\/salle-de-bain-cote-dopale\/\"><strong>Salle de bain 10m2<\/strong><\/a><br \/>\n<a href=\"http:\/\/chantalbaude.com\/index.php\/projects-item\/salle-de-bain-cote-dopale\/\">C\u00f4te d&rsquo;Opale<\/a><\/p>\n<p>[\/vc_column_text][\/vc_column_inner][\/vc_row_inner][\/vc_column][\/vc_row]<\/p>\n<\/div>","protected":false},"excerpt":{"rendered":"<p>[vc_row full_width=\u00a0\u00bbstretch_row_content_no_spaces\u00a0\u00bb][vc_column][\/vc_column][\/vc_row][vc_row desctop_mt=\u00a0\u00bbmargin-lg-35t\u00a0\u00bb tablets_mt=\u00a0\u00bbmargin-sm-0t\u00a0\u00bb][vc_column][vc_headings title=\u00a0\u00bbNos r\u00e9alisations\u00a0\u00bb heading_size=\u00a0\u00bbh3&Prime; align=\u00a0\u00bbCenter\u00a0\u00bb][\/vc_headings][vc_row_inner css=\u00a0\u00bb.vc_custom_1679729364855{margin-bottom: 20px !important;border-bottom-width: 20px !important;padding-bottom: 20px !important;}\u00a0\u00bb][vc_column_inner width=\u00a0\u00bb1\/2&Prime;][vc_single_image image=\u00a0\u00bb3173&Prime; img_size=\u00a0\u00bbfull\u00a0\u00bb onclick=\u00a0\u00bbcustom_link\u00a0\u00bb link=\u00a0\u00bbhttps:\/\/chantalbaude.com\/index.php\/projects-item\/projet-dune-maison-a-groffliers\/\u00a0\u00bb<\/p>\n","protected":false},"author":1,"featured_media":0,"parent":0,"menu_order":0,"comment_status":"closed","ping_status":"closed","template":"","meta":{"footnotes":""},"class_list":["post-95","page","type-page","status-publish","hentry"],"yoast_head":"<!-- This site is optimized with the Yoast SEO plugin v25.3.1 - https:\/\/yoast.com\/wordpress\/plugins\/seo\/ -->\n<title>Chantal Baude - Architecte int\u00e9rieur - C\u00f4te d&#039;Opale<\/title>\n<meta name=\"description\" content=\"Chantal BAUDE, Architecte d\u2019Int\u00e9rieur vous accompagne durant toutes les \u00e9tapes de votre projet d\u2019am\u00e9nagement ou de d\u00e9coration d\u2019int\u00e9rieur bas\u00e9 sur la r\u00e9gion C\u00f4te d\u2019Opale.\" \/>\n<meta name=\"robots\" content=\"index, follow, max-snippet:-1, max-image-preview:large, max-video-preview:-1\" \/>\n<link rel=\"canonical\" href=\"https:\/\/chantalbaude.com\/\" \/>\n<meta property=\"og:locale\" content=\"fr_FR\" \/>\n<meta property=\"og:type\" content=\"article\" \/>\n<meta property=\"og:title\" content=\"Chantal Baude - Architecte int\u00e9rieur - C\u00f4te d&#039;Opale\" \/>\n<meta property=\"og:description\" content=\"Chantal BAUDE, Architecte d\u2019Int\u00e9rieur vous accompagne durant toutes les \u00e9tapes de votre projet d\u2019am\u00e9nagement ou de d\u00e9coration d\u2019int\u00e9rieur bas\u00e9 sur la r\u00e9gion C\u00f4te d\u2019Opale.\" \/>\n<meta property=\"og:url\" content=\"https:\/\/chantalbaude.com\/\" \/>\n<meta property=\"og:site_name\" content=\"Chantal Baude\" \/>\n<meta property=\"article:modified_time\" content=\"2026-03-26T09:55:03+00:00\" \/>\n<meta name=\"twitter:card\" content=\"summary_large_image\" \/>\n<meta name=\"twitter:label1\" content=\"Dur\u00e9e de lecture estim\u00e9e\" \/>\n\t<meta name=\"twitter:data1\" content=\"1 minute\" \/>\n<script type=\"application\/ld+json\" class=\"yoast-schema-graph\">{\"@context\":\"https:\/\/schema.org\",\"@graph\":[{\"@type\":\"WebPage\",\"@id\":\"https:\/\/chantalbaude.com\/\",\"url\":\"https:\/\/chantalbaude.com\/\",\"name\":\"Chantal Baude - Architecte int\u00e9rieur - C\u00f4te d'Opale\",\"isPartOf\":{\"@id\":\"https:\/\/chantalbaude.com\/#website\"},\"datePublished\":\"2017-01-03T16:08:06+00:00\",\"dateModified\":\"2026-03-26T09:55:03+00:00\",\"description\":\"Chantal BAUDE, Architecte d\u2019Int\u00e9rieur vous accompagne durant toutes les \u00e9tapes de votre projet d\u2019am\u00e9nagement ou de d\u00e9coration d\u2019int\u00e9rieur bas\u00e9 sur la r\u00e9gion C\u00f4te d\u2019Opale.\",\"breadcrumb\":{\"@id\":\"https:\/\/chantalbaude.com\/#breadcrumb\"},\"inLanguage\":\"fr-FR\",\"potentialAction\":[{\"@type\":\"ReadAction\",\"target\":[\"https:\/\/chantalbaude.com\/\"]}]},{\"@type\":\"BreadcrumbList\",\"@id\":\"https:\/\/chantalbaude.com\/#breadcrumb\",\"itemListElement\":[{\"@type\":\"ListItem\",\"position\":1,\"name\":\"Accueil\",\"item\":\"https:\/\/chantalbaude.com\/\"},{\"@type\":\"ListItem\",\"position\":2,\"name\":\"Accueil\"}]},{\"@type\":\"WebSite\",\"@id\":\"https:\/\/chantalbaude.com\/#website\",\"url\":\"https:\/\/chantalbaude.com\/\",\"name\":\"Chantal Baude\",\"description\":\"Architecte d&#039;Int\u00e9rieur\",\"publisher\":{\"@id\":\"https:\/\/chantalbaude.com\/#organization\"},\"potentialAction\":[{\"@type\":\"SearchAction\",\"target\":{\"@type\":\"EntryPoint\",\"urlTemplate\":\"https:\/\/chantalbaude.com\/?s={search_term_string}\"},\"query-input\":{\"@type\":\"PropertyValueSpecification\",\"valueRequired\":true,\"valueName\":\"search_term_string\"}}],\"inLanguage\":\"fr-FR\"},{\"@type\":\"Organization\",\"@id\":\"https:\/\/chantalbaude.com\/#organization\",\"name\":\"Chantal Baude - Architecte d'int\u00e9rieur\",\"url\":\"https:\/\/chantalbaude.com\/\",\"logo\":{\"@type\":\"ImageObject\",\"inLanguage\":\"fr-FR\",\"@id\":\"https:\/\/chantalbaude.com\/#\/schema\/logo\/image\/\",\"url\":\"http:\/\/chantalbaude.com\/wp-content\/uploads\/2023\/04\/chantal-baude-architecte-interieur.png\",\"contentUrl\":\"http:\/\/chantalbaude.com\/wp-content\/uploads\/2023\/04\/chantal-baude-architecte-interieur.png\",\"width\":1688,\"height\":1688,\"caption\":\"Chantal Baude - Architecte d'int\u00e9rieur\"},\"image\":{\"@id\":\"https:\/\/chantalbaude.com\/#\/schema\/logo\/image\/\"}}]}<\/script>\n<!-- \/ Yoast SEO plugin. -->","yoast_head_json":{"title":"Chantal Baude - Architecte int\u00e9rieur - C\u00f4te d'Opale","description":"Chantal BAUDE, Architecte d\u2019Int\u00e9rieur vous accompagne durant toutes les \u00e9tapes de votre projet d\u2019am\u00e9nagement ou de d\u00e9coration d\u2019int\u00e9rieur bas\u00e9 sur la r\u00e9gion C\u00f4te d\u2019Opale.","robots":{"index":"index","follow":"follow","max-snippet":"max-snippet:-1","max-image-preview":"max-image-preview:large","max-video-preview":"max-video-preview:-1"},"canonical":"https:\/\/chantalbaude.com\/","og_locale":"fr_FR","og_type":"article","og_title":"Chantal Baude - Architecte int\u00e9rieur - C\u00f4te d'Opale","og_description":"Chantal BAUDE, Architecte d\u2019Int\u00e9rieur vous accompagne durant toutes les \u00e9tapes de votre projet d\u2019am\u00e9nagement ou de d\u00e9coration d\u2019int\u00e9rieur bas\u00e9 sur la r\u00e9gion C\u00f4te d\u2019Opale.","og_url":"https:\/\/chantalbaude.com\/","og_site_name":"Chantal Baude","article_modified_time":"2026-03-26T09:55:03+00:00","twitter_card":"summary_large_image","twitter_misc":{"Dur\u00e9e de lecture estim\u00e9e":"1 minute"},"schema":{"@context":"https:\/\/schema.org","@graph":[{"@type":"WebPage","@id":"https:\/\/chantalbaude.com\/","url":"https:\/\/chantalbaude.com\/","name":"Chantal Baude - Architecte int\u00e9rieur - C\u00f4te d'Opale","isPartOf":{"@id":"https:\/\/chantalbaude.com\/#website"},"datePublished":"2017-01-03T16:08:06+00:00","dateModified":"2026-03-26T09:55:03+00:00","description":"Chantal BAUDE, Architecte d\u2019Int\u00e9rieur vous accompagne durant toutes les \u00e9tapes de votre projet d\u2019am\u00e9nagement ou de d\u00e9coration d\u2019int\u00e9rieur bas\u00e9 sur la r\u00e9gion C\u00f4te d\u2019Opale.","breadcrumb":{"@id":"https:\/\/chantalbaude.com\/#breadcrumb"},"inLanguage":"fr-FR","potentialAction":[{"@type":"ReadAction","target":["https:\/\/chantalbaude.com\/"]}]},{"@type":"BreadcrumbList","@id":"https:\/\/chantalbaude.com\/#breadcrumb","itemListElement":[{"@type":"ListItem","position":1,"name":"Accueil","item":"https:\/\/chantalbaude.com\/"},{"@type":"ListItem","position":2,"name":"Accueil"}]},{"@type":"WebSite","@id":"https:\/\/chantalbaude.com\/#website","url":"https:\/\/chantalbaude.com\/","name":"Chantal Baude","description":"Architecte d&#039;Int\u00e9rieur","publisher":{"@id":"https:\/\/chantalbaude.com\/#organization"},"potentialAction":[{"@type":"SearchAction","target":{"@type":"EntryPoint","urlTemplate":"https:\/\/chantalbaude.com\/?s={search_term_string}"},"query-input":{"@type":"PropertyValueSpecification","valueRequired":true,"valueName":"search_term_string"}}],"inLanguage":"fr-FR"},{"@type":"Organization","@id":"https:\/\/chantalbaude.com\/#organization","name":"Chantal Baude - Architecte d'int\u00e9rieur","url":"https:\/\/chantalbaude.com\/","logo":{"@type":"ImageObject","inLanguage":"fr-FR","@id":"https:\/\/chantalbaude.com\/#\/schema\/logo\/image\/","url":"http:\/\/chantalbaude.com\/wp-content\/uploads\/2023\/04\/chantal-baude-architecte-interieur.png","contentUrl":"http:\/\/chantalbaude.com\/wp-content\/uploads\/2023\/04\/chantal-baude-architecte-interieur.png","width":1688,"height":1688,"caption":"Chantal Baude - Architecte d'int\u00e9rieur"},"image":{"@id":"https:\/\/chantalbaude.com\/#\/schema\/logo\/image\/"}}]}},"_links":{"self":[{"href":"https:\/\/chantalbaude.com\/index.php\/wp-json\/wp\/v2\/pages\/95","targetHints":{"allow":["GET"]}}],"collection":[{"href":"https:\/\/chantalbaude.com\/index.php\/wp-json\/wp\/v2\/pages"}],"about":[{"href":"https:\/\/chantalbaude.com\/index.php\/wp-json\/wp\/v2\/types\/page"}],"author":[{"embeddable":true,"href":"https:\/\/chantalbaude.com\/index.php\/wp-json\/wp\/v2\/users\/1"}],"replies":[{"embeddable":true,"href":"https:\/\/chantalbaude.com\/index.php\/wp-json\/wp\/v2\/comments?post=95"}],"version-history":[{"count":50,"href":"https:\/\/chantalbaude.com\/index.php\/wp-json\/wp\/v2\/pages\/95\/revisions"}],"predecessor-version":[{"id":3176,"href":"https:\/\/chantalbaude.com\/index.php\/wp-json\/wp\/v2\/pages\/95\/revisions\/3176"}],"wp:attachment":[{"href":"https:\/\/chantalbaude.com\/index.php\/wp-json\/wp\/v2\/media?parent=95"}],"curies":[{"name":"wp","href":"https:\/\/api.w.org\/{rel}","templated":true}]}}